{"id":9191,"date":"2024-09-24T21:32:38","date_gmt":"2024-09-24T21:32:38","guid":{"rendered":"https:\/\/iriediary.net\/?page_id=9191"},"modified":"2025-10-09T08:56:10","modified_gmt":"2025-10-09T08:56:10","slug":"art-journaling","status":"publish","type":"page","link":"https:\/\/iriediary.net\/en\/art-journaling","title":{"rendered":"Art Journaling"},"content":{"rendered":"<div class=\"wp-block-uagb-container uagb-block-e56714d1 alignfull uagb-is-root-container\"><div class=\"uagb-container__video-wrap\"><video autoplay loop muted playsinline><source src=\"https:\/\/iriediary.net\/wp-content\/uploads\/2025\/04\/49981-459802291_medium.mp4\" type=\"video\/mp4\"\/><\/video><\/div><div class=\"wp-block-columns is-layout-flex wp-container-core-columns-is-layout-28f84493 wp-block-columns-is-layout-flex\"><div class=\"wp-block-column is-layout-flow wp-block-column-is-layout-flow\"><\/div>\n\n<div class=\"wp-block-column is-layout-flow wp-block-column-is-layout-flow\"><h2 class=\"wp-block-heading has-ast-global-color-5-color has-text-color has-link-color wp-elements-cf4b39dff52479a3f5e96d32764bb6bf\" style=\"text-transform:none\">Relaxation through creativity<\/h2><\/div>\n\n<div class=\"wp-block-column is-layout-flow wp-block-column-is-layout-flow\"><\/div><\/div><\/div><div class=\"wp-block-uagb-container uagb-block-355910ac alignfull uagb-is-root-container\"><\/div><div class=\"wp-block-uagb-container uagb-block-5b05212e alignfull uagb-is-root-container\"><div class=\"uagb-container-inner-blocks-wrap\"><div class=\"wp-block-uagb-container uagb-block-6d89a5ed\"><div class=\"wp-block-uagb-container uagb-layout-grid uagb-block-c0c9c461\"><div class=\"wp-block-uagb-info-box uagb-block-217ae4ab uagb-infobox__content-wrap  uagb-infobox-icon-above-title uagb-infobox-image-valign-top\"><div class=\"uagb-ifb-content\"><div class=\"uagb-ifb-image-content\"><img decoding=\"async\" src=\"https:\/\/iriediary.net\/wp-content\/uploads\/2021\/12\/lion-icon-trans-300x300.png\" alt=\"\" width=\"\" height=\"0\" loading=\"lazy\"\/><\/div><div class=\"uagb-ifb-title-wrap\"><h5 class=\"uagb-ifb-title-prefix\">01.<\/h5><h3 class=\"uagb-ifb-title\">Creativity<\/h3><\/div><p class=\"uagb-ifb-desc\">The power of creativity is huge. We like to motivate to start where the excitement starts and continue in just being creative, not because of the outcome but because of the joy while you're doing it.<\/p><\/div><\/div>\n\n<div class=\"wp-block-uagb-info-box uagb-block-164fad8e uagb-infobox__content-wrap  uagb-infobox-icon-above-title uagb-infobox-image-valign-top\"><div class=\"uagb-ifb-content\"><div class=\"uagb-ifb-image-content\"><img decoding=\"async\" src=\"https:\/\/iriediary.net\/wp-content\/uploads\/2021\/10\/black-300x300.jpg\" alt=\"\" width=\"\" height=\"0\" loading=\"lazy\"\/><\/div><div class=\"uagb-ifb-title-wrap\"><h5 class=\"uagb-ifb-title-prefix\">02.<\/h5><h3 class=\"uagb-ifb-title\">Free your mind<\/h3><\/div><p class=\"uagb-ifb-desc\">Once you're in the flow, there is nothing else then the art and you. It's one of the easiest ways to get into here and now and let the past and the future out of the mind. They'll bother you less, while you're creating.<\/p><\/div><\/div>\n\n<div class=\"wp-block-uagb-info-box uagb-block-2948b4de uagb-infobox__content-wrap  uagb-infobox-icon-above-title uagb-infobox-image-valign-top\"><div class=\"uagb-ifb-content\"><div class=\"uagb-ifb-image-content\"><img decoding=\"async\" src=\"https:\/\/iriediary.net\/wp-content\/uploads\/2021\/12\/Buddha-weiss-300x300.jpg\" alt=\"\" width=\"\" height=\"0\" loading=\"lazy\"\/><\/div><div class=\"uagb-ifb-title-wrap\"><h5 class=\"uagb-ifb-title-prefix\">03.<\/h5><h3 class=\"uagb-ifb-title\">Relax\u200b<\/h3><\/div><p class=\"uagb-ifb-desc\">Once you let all expectations go and just enjoy the process, there is so much relaxation in all variety of art. Play around and try you\u2019re favourite creativity.<\/p><\/div><\/div><\/div><\/div><\/div><\/div><div class=\"wp-block-uagb-container uagb-block-c6cc1dae alignfull uagb-is-root-container\"><div class=\"uagb-container-inner-blocks-wrap\"><div class=\"wp-block-uagb-post-carousel uagb-post-grid  uagb-post__image-position-top uagb-post__image-enabled uagb-block-1e0e6625     uagb-post__arrow-outside uagb-post__items uagb-post__columns-3 is-carousel uagb-post__columns-tablet-2 uagb-post__columns-mobile-1\" data-total=\"3\" style=\"\">\n\n\t\t\t\t\t\t\t\t\t\t\t\t<article class=\"uagb-post__inner-wrap\">\t\t\t\t\t\t\t\t<div class='uagb-post__image'>\n\t\t\t\t\t\t\t\t\t<a href=\"https:\/\/iriediary.net\/en\/art-journal-event\" target=\"_self\" rel=\"bookmark noopener noreferrer\"><img loading=\"lazy\" decoding=\"async\" width=\"1200\" height=\"865\" src=\"https:\/\/iriediary.net\/wp-content\/uploads\/2021\/12\/smile-1.jpg\" class=\"attachment-large size-large\" alt=\"\" srcset=\"https:\/\/iriediary.net\/wp-content\/uploads\/2021\/12\/smile-1.jpg 1200w, https:\/\/iriediary.net\/wp-content\/uploads\/2021\/12\/smile-1-600x433.jpg 600w, https:\/\/iriediary.net\/wp-content\/uploads\/2021\/12\/smile-1-800x577.jpg 800w, https:\/\/iriediary.net\/wp-content\/uploads\/2021\/12\/smile-1-768x554.jpg 768w\" sizes=\"auto, (max-width: 1200px) 100vw, 1200px\" \/>\t\t\t\t\t<\/a>\n\t\t\t\t\t\t\t\t\t<\/div>\n\t\t\t\t\t\t<h4 class=\"uagb-post__title uagb-post__text\">\n\t\t\t\t<a href=\"https:\/\/iriediary.net\/en\/art-journal-event\" target=\"_self\" rel=\"bookmark noopener noreferrer\">Art Journaling Kurs<\/a>\n\t\t\t<\/h4>\n\t\t\t\t\t\t<div class='uagb-post__text uagb-post-grid-byline'>\n\t\t\t\t\t\t\t<\/div>\n\t\t\t\t\t\t\t<div class='uagb-post__text uagb-post__excerpt'>\n\t\t\t\t\t<p>Beim Aufbau f\u00fcr die Kulturnacht habe ich so vor mich hingedacht, dass ich viel lieber&#8230;\t\t\t\t<\/div>\n\t\t\t\t\t\t<div class=\"uagb-post__text uagb-post__cta wp-block-button\">\n\t\t\t\t<a class=\"wp-block-button__link uagb-text-link\" style=\"\" href=\"https:\/\/iriediary.net\/en\/art-journal-event\" target=\"_self\" rel=\"bookmark noopener noreferrer\">Read More<\/a>\n\t\t\t<\/div>\n\t\t\t\n\t\t\t\t\t\t\t\t\t<\/article>\n\t\t\t\t\t\t\t\t\t\t\t\t\t\t\t\t<article class=\"uagb-post__inner-wrap\">\t\t\t\t\t\t\t\t<div class='uagb-post__image'>\n\t\t\t\t\t\t\t\t\t<a href=\"https:\/\/iriediary.net\/en\/kulturnacht-no1\" target=\"_self\" rel=\"bookmark noopener noreferrer\"><img loading=\"lazy\" decoding=\"async\" width=\"900\" height=\"1290\" src=\"https:\/\/iriediary.net\/wp-content\/uploads\/2024\/10\/REGGIE-s.jpeg\" class=\"attachment-large size-large\" alt=\"\" srcset=\"https:\/\/iriediary.net\/wp-content\/uploads\/2024\/10\/REGGIE-s.jpeg 900w, https:\/\/iriediary.net\/wp-content\/uploads\/2024\/10\/REGGIE-s-558x800.jpeg 558w, https:\/\/iriediary.net\/wp-content\/uploads\/2024\/10\/REGGIE-s-768x1101.jpeg 768w, https:\/\/iriediary.net\/wp-content\/uploads\/2024\/10\/REGGIE-s-8x12.jpeg 8w, https:\/\/iriediary.net\/wp-content\/uploads\/2024\/10\/REGGIE-s-600x860.jpeg 600w\" sizes=\"auto, (max-width: 900px) 100vw, 900px\" \/>\t\t\t\t\t<\/a>\n\t\t\t\t\t\t\t\t\t<\/div>\n\t\t\t\t\t\t<h4 class=\"uagb-post__title uagb-post__text\">\n\t\t\t\t<a href=\"https:\/\/iriediary.net\/en\/kulturnacht-no1\" target=\"_self\" rel=\"bookmark noopener noreferrer\">1. Kulturnacht @ Coworking Radolfzell<\/a>\n\t\t\t<\/h4>\n\t\t\t\t\t\t<div class='uagb-post__text uagb-post-grid-byline'>\n\t\t\t\t\t\t\t<\/div>\n\t\t\t\t\t\t\t<div class='uagb-post__text uagb-post__excerpt'>\n\t\t\t\t\t<p>Es war unglaublich! Und ich werde nie vergessen, wie wir am 2.10.2024 zum ersten Mal&#8230;\t\t\t\t<\/div>\n\t\t\t\t\t\t<div class=\"uagb-post__text uagb-post__cta wp-block-button\">\n\t\t\t\t<a class=\"wp-block-button__link uagb-text-link\" style=\"\" href=\"https:\/\/iriediary.net\/en\/kulturnacht-no1\" target=\"_self\" rel=\"bookmark noopener noreferrer\">Read More<\/a>\n\t\t\t<\/div>\n\t\t\t\n\t\t\t\t\t\t\t\t\t<\/article>\n\t\t\t\t\t\t\t\t\t\t\t\t\t\t\t\t<article class=\"uagb-post__inner-wrap\">\t\t\t\t\t\t\t\t<div class='uagb-post__image'>\n\t\t\t\t\t\t\t\t\t<a href=\"https:\/\/iriediary.net\/en\/hummingbird\" target=\"_self\" rel=\"bookmark noopener noreferrer\"><img loading=\"lazy\" decoding=\"async\" width=\"1280\" height=\"917\" src=\"https:\/\/iriediary.net\/wp-content\/uploads\/2022\/01\/hummingbird.jpg\" class=\"attachment-large size-large\" alt=\"\" srcset=\"https:\/\/iriediary.net\/wp-content\/uploads\/2022\/01\/hummingbird.jpg 1280w, https:\/\/iriediary.net\/wp-content\/uploads\/2022\/01\/hummingbird-600x430.jpg 600w, https:\/\/iriediary.net\/wp-content\/uploads\/2022\/01\/hummingbird-800x573.jpg 800w, https:\/\/iriediary.net\/wp-content\/uploads\/2022\/01\/hummingbird-768x550.jpg 768w\" sizes=\"auto, (max-width: 1280px) 100vw, 1280px\" \/>\t\t\t\t\t<\/a>\n\t\t\t\t\t\t\t\t\t<\/div>\n\t\t\t\t\t\t<h4 class=\"uagb-post__title uagb-post__text\">\n\t\t\t\t<a href=\"https:\/\/iriediary.net\/en\/hummingbird\" target=\"_self\" rel=\"bookmark noopener noreferrer\">African legend of a hummingbird<\/a>\n\t\t\t<\/h4>\n\t\t\t\t\t\t<div class='uagb-post__text uagb-post-grid-byline'>\n\t\t\t\t\t\t\t<\/div>\n\t\t\t\t\t\t\t<div class='uagb-post__text uagb-post__excerpt'>\n\t\t\t\t\t<p>Found a beautiful legend of a hummingbird today. Nobel Laureate Wangari Maathai tells an inspiring tale ....\t\t\t\t<\/div>\n\t\t\t\t\t\t<div class=\"uagb-post__text uagb-post__cta wp-block-button\">\n\t\t\t\t<a class=\"wp-block-button__link uagb-text-link\" style=\"\" href=\"https:\/\/iriediary.net\/en\/hummingbird\" target=\"_self\" rel=\"bookmark noopener noreferrer\">Read More<\/a>\n\t\t\t<\/div>\n\t\t\t\n\t\t\t\t\t\t\t\t\t<\/article>\n\t\t\t\t\t\t\t\t\t\t\t<\/div><\/div><\/div><div class=\"wp-block-uagb-container uagb-block-34182bac alignfull uagb-is-root-container\"><div class=\"uagb-container-inner-blocks-wrap\"><div class=\"wp-block-uagb-info-box uagb-block-54acbf64 uagb-infobox__content-wrap  uagb-infobox-icon-above-title uagb-infobox-image-valign-top\"><div class=\"uagb-ifb-content\"><div class=\"uagb-ifb-title-wrap\"><h2 class=\"uagb-ifb-title-prefix\">Artist Trading Cards<\/h2><div class=\"uagb-ifb-separator\"><\/div><h3 class=\"uagb-ifb-title\">Tauschkarten <\/h3><\/div><p class=\"uagb-ifb-desc\">Dem Erfinder, der Schweizer K\u00fcnslter V\u00e4nci Stirnemann ist es wichtig, dass Artist Trading Cards getauscht werden und nicht zum Verkauf stehen. Es war seine Intension, dass andere das Modell aufgreifen und so gibt es nun in verschiedenen L\u00e4ndern K\u00fcnstler die Artist Trading Cards gestalten und verschiedene Optionen zum Tauschen. Sei es \u00fcber die Facebookseite von V\u00e4nci Stirnemann oder anderen oder an Tauschevents <br><\/p><div class=\"uagb-ifb-button-wrapper wp-block-button\"><a href=\"https:\/\/iriediary.net\/en\/kulturnacht-no1\/\" class=\"uagb-infobox-cta-link wp-block-button__link\" target=\"_self\" rel=\"noopener noreferrer\" onclick=\"return true;\"><span class=\"uagb-inline-editing\">read more<\/span><\/a><\/div><\/div><\/div><\/div><\/div>","protected":false},"excerpt":{"rendered":"<p>Relaxation through creativity<\/p>","protected":false},"author":1,"featured_media":0,"parent":0,"menu_order":0,"comment_status":"closed","ping_status":"closed","template":"","meta":{"_acf_changed":false,"_uag_custom_page_level_css":"","site-sidebar-layout":"default","site-content-layout":"","ast-site-content-layout":"full-width-container","site-content-style":"default","site-sidebar-style":"default","ast-global-header-display":"","ast-banner-title-visibility":"","ast-main-header-display":"","ast-hfb-above-header-display":"","ast-hfb-below-header-display":"","ast-hfb-mobile-header-display":"","site-post-title":"disabled","ast-breadcrumbs-content":"","ast-featured-img":"","footer-sml-layout":"","theme-transparent-header-meta":"","adv-header-id-meta":"","stick-header-meta":"","header-above-stick-meta":"","header-main-stick-meta":"","header-below-stick-meta":"","astra-migrate-meta-layouts":"set","ast-page-background-enabled":"default","ast-page-background-meta":{"desktop":{"background-color":"var(--ast-global-color-4)","background-image":"","background-repeat":"repeat","background-position":"center center","background-size":"auto","background-attachment":"scroll","background-type":"","background-media":"","overlay-type":"","overlay-color":"","overlay-opacity":"","overlay-gradient":""},"tablet":{"background-color":"","background-image":"","background-repeat":"repeat","background-position":"center center","background-size":"auto","background-attachment":"scroll","background-type":"","background-media":"","overlay-type":"","overlay-color":"","overlay-opacity":"","overlay-gradient":""},"mobile":{"background-color":"","background-image":"","background-repeat":"repeat","background-position":"center center","background-size":"auto","background-attachment":"scroll","background-type":"","background-media":"","overlay-type":"","overlay-color":"","overlay-opacity":"","overlay-gradient":""}},"ast-content-background-meta":{"desktop":{"background-color":"var(--ast-global-color-5)","background-image":"","background-repeat":"repeat","background-position":"center center","background-size":"auto","background-attachment":"scroll","background-type":"","background-media":"","overlay-type":"","overlay-color":"","overlay-opacity":"","overlay-gradient":""},"tablet":{"background-color":"var(--ast-global-color-5)","background-image":"","background-repeat":"repeat","background-position":"center center","background-size":"auto","background-attachment":"scroll","background-type":"","background-media":"","overlay-type":"","overlay-color":"","overlay-opacity":"","overlay-gradient":""},"mobile":{"background-color":"var(--ast-global-color-5)","background-image":"","background-repeat":"repeat","background-position":"center center","background-size":"auto","background-attachment":"scroll","background-type":"","background-media":"","overlay-type":"","overlay-color":"","overlay-opacity":"","overlay-gradient":""}},"footnotes":""},"class_list":["post-9191","page","type-page","status-publish","hentry"],"acf":[],"uagb_featured_image_src":{"full":false,"thumbnail":false,"medium":false,"medium_large":false,"large":false,"1536x1536":false,"2048x2048":false,"trp-custom-language-flag":false,"depicter-thumbnail":false,"woocommerce_thumbnail":false,"woocommerce_single":false,"woocommerce_gallery_thumbnail":false},"uagb_author_info":{"display_name":"mj","author_link":"https:\/\/iriediary.net\/en\/author\/majehle"},"uagb_comment_info":0,"uagb_excerpt":"Entspannung durch Kreativit\u00e4t","_links":{"self":[{"href":"https:\/\/iriediary.net\/en\/wp-json\/wp\/v2\/pages\/9191","targetHints":{"allow":["GET"]}}],"collection":[{"href":"https:\/\/iriediary.net\/en\/wp-json\/wp\/v2\/pages"}],"about":[{"href":"https:\/\/iriediary.net\/en\/wp-json\/wp\/v2\/types\/page"}],"author":[{"embeddable":true,"href":"https:\/\/iriediary.net\/en\/wp-json\/wp\/v2\/users\/1"}],"replies":[{"embeddable":true,"href":"https:\/\/iriediary.net\/en\/wp-json\/wp\/v2\/comments?post=9191"}],"version-history":[{"count":33,"href":"https:\/\/iriediary.net\/en\/wp-json\/wp\/v2\/pages\/9191\/revisions"}],"predecessor-version":[{"id":9611,"href":"https:\/\/iriediary.net\/en\/wp-json\/wp\/v2\/pages\/9191\/revisions\/9611"}],"wp:attachment":[{"href":"https:\/\/iriediary.net\/en\/wp-json\/wp\/v2\/media?parent=9191"}],"curies":[{"name":"wp","href":"https:\/\/api.w.org\/{rel}","templated":true}]}}